{"id":36230,"date":"2018-05-19T15:49:58","date_gmt":"2018-05-19T15:49:58","guid":{"rendered":"https:\/\/domingossousa.pt\/pt\/?page_id=36230"},"modified":"2024-08-06T09:57:51","modified_gmt":"2024-08-06T09:57:51","slug":"toalhas-de-banho","status":"publish","type":"page","link":"https:\/\/domingossousa.pt\/pt\/toalhas-de-banho\/","title":{"rendered":"TOALHAS DE BANHO"},"content":{"rendered":"<p>[et_pb_section fb_built=&#8221;1&#8243; _builder_version=&#8221;3.22&#8243; custom_padding=&#8221;0px||0px|&#8221;][et_pb_row use_custom_gutter=&#8221;on&#8221; custom_padding_last_edited=&#8221;on|desktop&#8221; disabled_on=&#8221;off|off|off&#8221; module_class=&#8221; et_pb_row_fullwidth&#8221; _builder_version=&#8221;3.25&#8243; background_size=&#8221;initial&#8221; background_position=&#8221;top_left&#8221; background_repeat=&#8221;repeat&#8221; width=&#8221;89%&#8221; width_tablet=&#8221;80%&#8221; width_phone=&#8221;&#8221; width_last_edited=&#8221;on|desktop&#8221; max_width=&#8221;89%&#8221; max_width_tablet=&#8221;80%&#8221; max_width_phone=&#8221;&#8221; max_width_last_edited=&#8221;on|desktop&#8221; custom_margin=&#8221;0px||0px|&#8221; custom_padding=&#8221;70px||26px||false|false&#8221; custom_padding_tablet=&#8221;50px|||&#8221; custom_padding_phone=&#8221;50px|||&#8221; make_fullwidth=&#8221;on&#8221;][et_pb_column type=&#8221;4_4&#8243; _builder_version=&#8221;3.25&#8243; custom_padding=&#8221;|||&#8221; custom_padding__hover=&#8221;|||&#8221;][et_pb_text _builder_version=&#8221;3.27.4&#8243; text_font=&#8221;||||||||&#8221; header_font=&#8221;|||on|||||&#8221; header_text_align=&#8221;center&#8221; header_text_color=&#8221;#695F61&#8243; header_font_size=&#8221;25px&#8221; custom_margin=&#8221;0px||0px|&#8221; custom_padding=&#8221;0px||0px|&#8221; animation_style=&#8221;slide&#8221; animation_direction=&#8221;top&#8221; animation_duration=&#8221;1500ms&#8221; animation_intensity_slide=&#8221;10%&#8221; header_font_size_tablet=&#8221;&#8221; header_font_size_phone=&#8221;20px&#8221; header_font_size_last_edited=&#8221;on|phone&#8221;]<\/p>\n<h1>Toalhas de Banho<\/h1>\n<p>[\/et_pb_text][et_pb_divider color=&#8221;#E2D5D0&#8243; divider_position=&#8221;bottom&#8221; divider_weight=&#8221;3px&#8221; disabled_on=&#8221;on|off|off&#8221; _builder_version=&#8221;3.2.1&#8243; max_width=&#8221;90px&#8221; module_alignment=&#8221;center&#8221; height=&#8221;30px&#8221; custom_margin=&#8221;-10px||0px|&#8221; custom_padding=&#8221;0px||0px|&#8221; animation_style=&#8221;slide&#8221; animation_direction=&#8221;left&#8221; animation_duration=&#8221;1500ms&#8221; animation_delay=&#8221;1000ms&#8221;]&nbsp;<br \/>\n[\/et_pb_divider][\/et_pb_column][\/et_pb_row][\/et_pb_section][et_pb_section fb_built=&#8221;1&#8243; disabled_on=&#8221;off|off|off&#8221; _builder_version=&#8221;3.22&#8243; custom_padding=&#8221;0px|0px|0px|0px&#8221;][et_pb_row use_custom_gutter=&#8221;on&#8221; gutter_width=&#8221;1&#8243; module_class=&#8221; et_pb_row_fullwidth&#8221; _builder_version=&#8221;3.25&#8243; background_size=&#8221;initial&#8221; background_position=&#8221;top_left&#8221; background_repeat=&#8221;repeat&#8221; width=&#8221;100%&#8221; width_tablet=&#8221;100%&#8221; width_phone=&#8221;&#8221; width_last_edited=&#8221;on|desktop&#8221; max_width=&#8221;100%&#8221; max_width_tablet=&#8221;100%&#8221; max_width_phone=&#8221;&#8221; max_width_last_edited=&#8221;on|desktop&#8221; custom_padding=&#8221;0px|0px|0px|0px&#8221; make_fullwidth=&#8221;on&#8221;][et_pb_column type=&#8221;4_4&#8243; _builder_version=&#8221;3.25&#8243; custom_padding=&#8221;|||&#8221; custom_padding__hover=&#8221;|||&#8221;][et_pb_gallery gallery_ids=&#8221;37909,37912,36361,36362,36363,36364,36365,36366,36367,36368,36369,36370,36371,36372,36373,36374,36375,36376,36377,36378,36379,36380,36396,36382,36383,36384,36385,36386,36387,36388,36389,36390,36391,36392,36394,36395,38500,38498,38499,38497,38496,38495,38494,38493,38491,38488&#8243; gallery_captions=&#8221;,,,,,,,&#8221; posts_number=&#8221;60&#8243; show_title_and_caption=&#8221;off&#8221; show_pagination=&#8221;off&#8221; zoom_icon_color=&#8221;#695f5d&#8221; hover_overlay_color=&#8221;rgba(255,255,255,0.6)&#8221; hover_icon=&#8221;%%47%%&#8221; admin_label=&#8221;Galeria&#8221; _builder_version=&#8221;4.9.0&#8243; title_font_size=&#8221;12px&#8221; hover_enabled=&#8221;0&#8243; border_width_all=&#8221;3px&#8221; border_color_all=&#8221;#ffffff&#8221; sticky_enabled=&#8221;0&#8243;]&nbsp;<br \/>\n[\/et_pb_gallery][\/et_pb_column][\/et_pb_row][\/et_pb_section][et_pb_section fb_built=&#8221;1&#8243; _builder_version=&#8221;3.22&#8243; custom_padding=&#8221;40px|0px|39px|0px|false|false&#8221;][et_pb_row _builder_version=&#8221;3.25&#8243;][et_pb_column type=&#8221;4_4&#8243; _builder_version=&#8221;3.25&#8243; custom_padding=&#8221;|||&#8221; custom_padding__hover=&#8221;|||&#8221;][et_pb_button button_url=&#8221;https:\/\/domingossousa.pt\/pt\/o-que-fazemos\/&#8221; button_text=&#8221;VOLTAR&#8221; button_alignment=&#8221;center&#8221; _builder_version=&#8221;3.16&#8243; custom_button=&#8221;on&#8221; button_text_color=&#8221;#ffffff&#8221; button_bg_color=&#8221;#695F5D&#8221; button_border_color=&#8221;#695F5D&#8221; button_letter_spacing=&#8221;1px&#8221; button_font=&#8221;||||||||&#8221; button_icon=&#8221;%%27%%&#8221; button_icon_placement=&#8221;left&#8221; button_border_color_hover=&#8221;#7A6E6B&#8221; button_bg_color_hover=&#8221;#7A6E6B&#8221; button_text_size__hover_enabled=&#8221;off&#8221; button_one_text_size__hover_enabled=&#8221;off&#8221; button_two_text_size__hover_enabled=&#8221;off&#8221; button_text_color__hover_enabled=&#8221;off&#8221; button_one_text_color__hover_enabled=&#8221;off&#8221; button_two_text_color__hover_enabled=&#8221;off&#8221; button_border_width__hover_enabled=&#8221;off&#8221; button_one_border_width__hover_enabled=&#8221;off&#8221; button_two_border_width__hover_enabled=&#8221;off&#8221; button_border_color__hover_enabled=&#8221;on&#8221; button_border_color__hover=&#8221;#7A6E6B&#8221; button_one_border_color__hover_enabled=&#8221;off&#8221; button_two_border_color__hover_enabled=&#8221;off&#8221; button_border_radius__hover_enabled=&#8221;off&#8221; button_one_border_radius__hover_enabled=&#8221;off&#8221; button_two_border_radius__hover_enabled=&#8221;off&#8221; button_letter_spacing__hover_enabled=&#8221;off&#8221; button_one_letter_spacing__hover_enabled=&#8221;off&#8221; button_two_letter_spacing__hover_enabled=&#8221;off&#8221; button_bg_color__hover_enabled=&#8221;on&#8221; button_bg_color__hover=&#8221;#7A6E6B&#8221; button_one_bg_color__hover_enabled=&#8221;off&#8221; button_two_bg_color__hover_enabled=&#8221;off&#8221;]&nbsp;<br \/>\n[\/et_pb_button][\/et_pb_column][\/et_pb_row][\/et_pb_section][et_pb_section fb_built=&#8221;1&#8243; disabled_on=&#8221;off|off|off&#8221; _builder_version=&#8221;3.2.1&#8243; background_color=&#8221;#ffffff&#8221; custom_padding=&#8221;0px||0px|&#8221; custom_padding_tablet=&#8221;0px||0px|&#8221; border_width_top=&#8221;1px&#8221; border_color_top=&#8221;#E2D5D0&#8243; border_style_top=&#8221;dashed&#8221; padding_mobile=&#8221;on&#8221; global_module=&#8221;34289&#8243;][et_pb_row use_custom_gutter=&#8221;on&#8221; gutter_width=&#8221;2&#8243; column_padding_mobile=&#8221;on&#8221; module_class=&#8221;linkfooter et_pb_row_fullwidth&#8221; _builder_version=&#8221;3.25&#8243; background_size=&#8221;initial&#8221; background_position=&#8221;top_left&#8221; background_repeat=&#8221;repeat&#8221; width=&#8221;94%&#8221; width_tablet=&#8221;80%&#8221; width_phone=&#8221;&#8221; width_last_edited=&#8221;on|desktop&#8221; max_width=&#8221;94%&#8221; max_width_tablet=&#8221;80%&#8221; max_width_phone=&#8221;&#8221; max_width_last_edited=&#8221;on|desktop&#8221; custom_margin=&#8221;0px||0px|&#8221; custom_padding=&#8221;30px||10px|&#8221; make_fullwidth=&#8221;on&#8221;][et_pb_column type=&#8221;4_4&#8243; _builder_version=&#8221;3.25&#8243; custom_padding=&#8221;|||&#8221; custom_padding__hover=&#8221;|||&#8221;][et_pb_social_media_follow disabled_on=&#8221;off|off|off&#8221; admin_label=&#8221;Redes sociais&#8221; _builder_version=&#8221;4.9.0&#8243; text_orientation=&#8221;center&#8221; custom_margin=&#8221;20px||10px|&#8221; custom_padding=&#8221;0px||0px|&#8221; border_radii=&#8221;on|100%|100%|100%|100%&#8221; link_shape=&#8221;circle&#8221;][et_pb_social_media_follow_network social_network=&#8221;facebook&#8221; url=&#8221;https:\/\/www.facebook.com\/domingosdesousaportugal&#8221; _builder_version=&#8221;4.9.0&#8243; background_color=&#8221;#695F5D&#8221; bg_color=&#8221;#3b5998&#8243; link_shape=&#8221;circle&#8221; follow_button=&#8221;off&#8221; url_new_window=&#8221;on&#8221;]facebook[\/et_pb_social_media_follow_network][et_pb_social_media_follow_network social_network=&#8221;instagram&#8221; url=&#8221;https:\/\/www.instagram.com\/domingosdesousaportugal\/&#8221; _builder_version=&#8221;4.9.0&#8243; background_color=&#8221;#695F5D&#8221; bg_color=&#8221;#3b5998&#8243; link_shape=&#8221;circle&#8221; follow_button=&#8221;off&#8221; url_new_window=&#8221;on&#8221;]instagram[\/et_pb_social_media_follow_network][et_pb_social_media_follow_network social_network=&#8221;linkedin&#8221; url=&#8221;https:\/\/pt.linkedin.com\/company\/domingosdesousa&#8221; _builder_version=&#8221;4.9.0&#8243; background_color=&#8221;#695F5D&#8221; bg_color=&#8221;#3b5998&#8243; link_shape=&#8221;circle&#8221; follow_button=&#8221;off&#8221; url_new_window=&#8221;on&#8221;]linkedin[\/et_pb_social_media_follow_network][et_pb_social_media_follow_network social_network=&#8221;twitter&#8221; url=&#8221;https:\/\/twitter.com\/domingossousapt&#8221; _builder_version=&#8221;4.9.0&#8243; background_color=&#8221;#695F5D&#8221; bg_color=&#8221;#00aced&#8221; link_shape=&#8221;circle&#8221; follow_button=&#8221;off&#8221; url_new_window=&#8221;on&#8221;]Twitter[\/et_pb_social_media_follow_network][et_pb_social_media_follow_network social_network=&#8221;youtube&#8221; url=&#8221;https:\/\/www.youtube.com\/channel\/UCFO_ZxaPaFrycIEh2gzNDxw&#8221; _builder_version=&#8221;3.3.1&#8243; background_color=&#8221;#695F5D&#8221; link_shape=&#8221;circle&#8221; follow_button=&#8221;off&#8221; url_new_window=&#8221;on&#8221;]youtube[\/et_pb_social_media_follow_network][\/et_pb_social_media_follow][et_pb_image src=&#8221;https:\/\/domingossousa.pt\/pt\/wp-content\/uploads\/2024\/07\/oo.png&#8221; title_text=&#8221;oo&#8221; url=&#8221;https:\/\/domingossousa.pt\/pt\/38312-2\/&#8221; _builder_version=&#8221;4.9.0&#8243; _module_preset=&#8221;default&#8221; transform_translate=&#8221;-438px|11px&#8221; width=&#8221;22%&#8221; max_width=&#8221;40%&#8221; module_alignment=&#8221;right&#8221; custom_margin=&#8221;|||1395px||&#8221;][\/et_pb_image][et_pb_image src=&#8221;https:\/\/domingossousa.pt\/pt\/wp-content\/uploads\/2018\/05\/domingos_de_sousa_logos_apoios.png&#8221; title_text=&#8221;domingos_de_sousa_logos_apoios&#8221; _builder_version=&#8221;4.9.0&#8243; _module_preset=&#8221;default&#8221; transform_scale=&#8221;106%|106%&#8221; transform_translate=&#8221;509px|-64px&#8221; width=&#8221;23.4%&#8221; max_width=&#8221;46%&#8221; custom_padding=&#8221;|123px|1px|||&#8221;][\/et_pb_image][et_pb_text admin_label=&#8221;Rodape nome do site&#8221; _builder_version=&#8221;4.9.0&#8243; text_font=&#8221;||||||||&#8221; text_text_color=&#8221;#adadad&#8221; text_line_height=&#8221;1.3em&#8221; background_size=&#8221;initial&#8221; background_position=&#8221;top_left&#8221; background_repeat=&#8221;repeat&#8221; transform_translate=&#8221;12px|-62px&#8221; text_orientation=&#8221;center&#8221; custom_margin=&#8221;0px||0px|&#8221; custom_padding=&#8221;0px||0px|&#8221;]<\/p>\n<p style=\"font-size: 14px;\">\u00a9 DOMINGOS DE SOUSA E FILHOS, S.A.<\/p>\n<p>[\/et_pb_text][et_pb_text admin_label=&#8221;Rodape nome do site&#8221; _builder_version=&#8221;4.9.0&#8243; text_font=&#8221;||||||||&#8221; text_text_color=&#8221;#adadad&#8221; text_font_size=&#8221;12px&#8221; text_line_height=&#8221;1.3em&#8221; background_size=&#8221;initial&#8221; background_position=&#8221;top_left&#8221; background_repeat=&#8221;repeat&#8221; transform_translate=&#8221;3px|-54px&#8221; text_orientation=&#8221;center&#8221; custom_margin=&#8221;0px||0px|&#8221; custom_padding=&#8221;8px||5px|&#8221;]<\/p>\n<p><a href=\"https:\/\/domingossousa.pt\/pt\/protecao-de-dados\/#PP\">Pol\u00edtica de Privacidade<\/a> | <a href=\"https:\/\/domingossousa.pt\/pt\/protecao-de-dados\/#RLO\">Resolu\u00e7\u00e3o de Lit\u00edgios Online<\/a> | <a href=\"https:\/\/domingossousa.workky.com\/portal-denuncias\">Portal de Den\u00fancias<\/a> |\u00a0<a href=\"https:\/\/domingossousa.pt\/pt\/protecao-de-dados\/#PC\">Pol\u00edtica de Cookies<\/a><\/p>\n<p>[\/et_pb_text][et_pb_text admin_label=&#8221;Rodape nome do site&#8221; _builder_version=&#8221;4.9.0&#8243; text_font=&#8221;||||||||&#8221; text_text_color=&#8221;#adadad&#8221; text_font_size=&#8221;12px&#8221; text_line_height=&#8221;1.3em&#8221; background_size=&#8221;initial&#8221; background_position=&#8221;top_left&#8221; background_repeat=&#8221;repeat&#8221; transform_translate=&#8221;0px|-54px&#8221; text_orientation=&#8221;center&#8221; custom_margin=&#8221;0px||0px|&#8221; custom_padding=&#8221;0px||0px|&#8221;]<\/p>\n<p><!--<a style=\"color: #adadad;\" href=\"https:\/\/domingossousa.pt\/pt\/politica-de-privacidade\/\">Pol\u00edtica de Privacidade<\/a> | -->webdesign by: <a href=\"http:\/\/criativo.net\" target=\"_blank\" rel=\"noopener noreferrer\">criativo.net<\/a><\/p>\n<p>[\/et_pb_text][et_pb_image src=&#8221;https:\/\/domingossousa.pt\/pt\/wp-content\/uploads\/2019\/06\/certificado-ssl-pt.png&#8221; align=&#8221;center&#8221; _builder_version=&#8221;4.9.0&#8243; transform_translate=&#8221;0px|-54px&#8221; custom_margin=&#8221;0px||0px||true&#8221; custom_padding=&#8221;20px||0px||false&#8221; locked=&#8221;off&#8221;][\/et_pb_image][\/et_pb_column][\/et_pb_row][\/et_pb_section]<\/p>\n","protected":false},"excerpt":{"rendered":"<p>[et_pb_section fb_built=&#8221;1&#8243; _builder_version=&#8221;3.22&#8243; custom_padding=&#8221;0px||0px|&#8221;][et_pb_row use_custom_gutter=&#8221;on&#8221; custom_padding_last_edited=&#8221;on|desktop&#8221; disabled_on=&#8221;off|off|off&#8221; module_class=&#8221; et_pb_row_fullwidth&#8221; _builder_version=&#8221;3.25&#8243; background_size=&#8221;initial&#8221; background_position=&#8221;top_left&#8221; background_repeat=&#8221;repeat&#8221; width=&#8221;89%&#8221; width_tablet=&#8221;80%&#8221; width_phone=&#8221;&#8221; width_last_edited=&#8221;on|desktop&#8221; max_width=&#8221;89%&#8221; max_width_tablet=&#8221;80%&#8221; max_width_phone=&#8221;&#8221; max_width_last_edited=&#8221;on|desktop&#8221; custom_margin=&#8221;0px||0px|&#8221; custom_padding=&#8221;70px||26px||false|false&#8221; custom_padding_tablet=&#8221;50px|||&#8221; custom_padding_phone=&#8221;50px|||&#8221; make_fullwidth=&#8221;on&#8221;][et_pb_column type=&#8221;4_4&#8243; _builder_version=&#8221;3.25&#8243; custom_padding=&#8221;|||&#8221; custom_padding__hover=&#8221;|||&#8221;][et_pb_text _builder_version=&#8221;3.27.4&#8243; text_font=&#8221;||||||||&#8221; header_font=&#8221;|||on|||||&#8221; header_text_align=&#8221;center&#8221; header_text_color=&#8221;#695F61&#8243; header_font_size=&#8221;25px&#8221; custom_margin=&#8221;0px||0px|&#8221; custom_padding=&#8221;0px||0px|&#8221; animation_style=&#8221;slide&#8221; animation_direction=&#8221;top&#8221; animation_duration=&#8221;1500ms&#8221; animation_intensity_slide=&#8221;10%&#8221; header_font_size_tablet=&#8221;&#8221; header_font_size_phone=&#8221;20px&#8221; header_font_size_last_edited=&#8221;on|phone&#8221;] Toalhas de Banho [\/et_pb_text][et_pb_divider color=&#8221;#E2D5D0&#8243; divider_position=&#8221;bottom&#8221; divider_weight=&#8221;3px&#8221; disabled_on=&#8221;on|off|off&#8221; _builder_version=&#8221;3.2.1&#8243; max_width=&#8221;90px&#8221; [&hellip;]<\/p>\n","protected":false},"author":3,"featured_media":0,"parent":0,"menu_order":0,"comment_status":"closed","ping_status":"closed","template":"","meta":{"_et_pb_use_builder":"on","_et_pb_old_content":"","_et_gb_content_width":""},"_links":{"self":[{"href":"https:\/\/domingossousa.pt\/pt\/wp-json\/wp\/v2\/pages\/36230"}],"collection":[{"href":"https:\/\/domingossousa.pt\/pt\/wp-json\/wp\/v2\/pages"}],"about":[{"href":"https:\/\/domingossousa.pt\/pt\/wp-json\/wp\/v2\/types\/page"}],"author":[{"embeddable":true,"href":"https:\/\/domingossousa.pt\/pt\/wp-json\/wp\/v2\/users\/3"}],"replies":[{"embeddable":true,"href":"https:\/\/domingossousa.pt\/pt\/wp-json\/wp\/v2\/comments?post=36230"}],"version-history":[{"count":29,"href":"https:\/\/domingossousa.pt\/pt\/wp-json\/wp\/v2\/pages\/36230\/revisions"}],"predecessor-version":[{"id":38508,"href":"https:\/\/domingossousa.pt\/pt\/wp-json\/wp\/v2\/pages\/36230\/revisions\/38508"}],"wp:attachment":[{"href":"https:\/\/domingossousa.pt\/pt\/wp-json\/wp\/v2\/media?parent=36230"}],"curies":[{"name":"wp","href":"https:\/\/api.w.org\/{rel}","templated":true}]}}