{"id":36305,"date":"2018-05-19T17:07:27","date_gmt":"2018-05-19T17:07:27","guid":{"rendered":"https:\/\/domingossousa.pt\/pt\/?page_id=36305"},"modified":"2023-07-13T09:54:01","modified_gmt":"2023-07-13T09:54:01","slug":"projeto-i","status":"publish","type":"page","link":"https:\/\/domingossousa.pt\/pt\/projeto-i\/","title":{"rendered":"PROJETO I"},"content":{"rendered":"<p>[et_pb_section fb_built=&#8221;1&#8243; disabled_on=&#8221;off|off|off&#8221; module_id=&#8221;empresa&#8221; _builder_version=&#8221;3.22&#8243; background_color=&#8221;rgba(226,213,208,0.18)&#8221; custom_margin=&#8221;0px||0px|&#8221; custom_padding=&#8221;15px|0px|0px|0px|false|false&#8221; hover_enabled=&#8221;0&#8243; sticky_enabled=&#8221;0&#8243;][et_pb_row column_structure=&#8221;1_2,1_2&#8243; _builder_version=&#8221;3.25&#8243; background_size=&#8221;initial&#8221; background_position=&#8221;top_left&#8221; background_repeat=&#8221;repeat&#8221; custom_margin=&#8221;0px||0px|&#8221; custom_padding=&#8221;0|0px|0px|0px|false|false&#8221;][et_pb_column type=&#8221;1_2&#8243; _builder_version=&#8221;3.25&#8243; custom_padding=&#8221;|||&#8221; custom_padding__hover=&#8221;|||&#8221;][et_pb_image src=&#8221;https:\/\/domingossousa.pt\/pt\/wp-content\/uploads\/2018\/05\/IMG-PROJETOS2.png&#8221; align=&#8221;center&#8221; align_tablet=&#8221;center&#8221; align_phone=&#8221;&#8221; align_last_edited=&#8221;on|desktop&#8221; _builder_version=&#8221;3.23&#8243; custom_margin=&#8221;15px|||&#8221; animation_style=&#8221;slide&#8221; animation_direction=&#8221;left&#8221; animation_duration=&#8221;1500ms&#8221; animation_delay=&#8221;500ms&#8221; animation_intensity_slide=&#8221;10%&#8221;]&nbsp;<br \/>\n[\/et_pb_image][\/et_pb_column][et_pb_column type=&#8221;1_2&#8243; _builder_version=&#8221;3.25&#8243; custom_padding=&#8221;|||&#8221; custom_padding__hover=&#8221;|||&#8221;][\/et_pb_column][\/et_pb_row][\/et_pb_section][et_pb_section fb_built=&#8221;1&#8243; disabled_on=&#8221;off|off|off&#8221; module_id=&#8221;empresa&#8221; _builder_version=&#8221;3.22&#8243; background_color=&#8221;rgba(226,213,208,0.18)&#8221; custom_margin=&#8221;0px||0px|&#8221; custom_padding=&#8221;29px|0px|23px|0px|false|false&#8221;][et_pb_row column_structure=&#8221;1_2,1_2&#8243; _builder_version=&#8221;3.25&#8243; background_size=&#8221;initial&#8221; background_position=&#8221;top_left&#8221; background_repeat=&#8221;repeat&#8221; custom_margin=&#8221;0px||0px|&#8221; custom_padding=&#8221;0|0px|0px|0px|false|false&#8221;][et_pb_column type=&#8221;1_2&#8243; _builder_version=&#8221;3.25&#8243; custom_padding=&#8221;|||&#8221; custom_padding__hover=&#8221;|||&#8221;][et_pb_text _builder_version=&#8221;3.27.4&#8243; text_font=&#8221;||||||||&#8221; header_font=&#8221;||||||||&#8221; header_text_align=&#8221;left&#8221; header_text_color=&#8221;#695F5D&#8221; header_font_size=&#8221;22px&#8221; custom_margin=&#8221;0px||0px|&#8221; custom_padding=&#8221;0px||0px|&#8221; animation_style=&#8221;slide&#8221; animation_direction=&#8221;right&#8221; animation_duration=&#8221;1500ms&#8221; animation_intensity_slide=&#8221;10%&#8221;]<\/p>\n<h1><strong>Qualifica\u00e7\u00e3o das PME<\/strong><\/h1>\n<h1>Ficha de Projeto<\/h1>\n<p>[\/et_pb_text][et_pb_text _builder_version=&#8221;3.27.4&#8243; text_font=&#8221;|300|||||||&#8221; text_font_size=&#8221;15px&#8221; text_orientation=&#8221;justified&#8221; custom_margin=&#8221;0px||0px|&#8221; custom_padding=&#8221;0px||0px|&#8221; animation_style=&#8221;fade&#8221; animation_duration=&#8221;1500ms&#8221; animation_delay=&#8221;500ms&#8221;]Projeto n.\u00ba 25369<br \/>\nApoio no \u00e2mbito do Sistema de Incentivos \u00e0 SI Qualifica\u00e7\u00e3o das PME<br \/>\n[\/et_pb_text][\/et_pb_column][et_pb_column type=&#8221;1_2&#8243; _builder_version=&#8221;3.25&#8243; custom_padding=&#8221;|||&#8221; custom_padding__hover=&#8221;|||&#8221;][\/et_pb_column][\/et_pb_row][\/et_pb_section][et_pb_section fb_built=&#8221;1&#8243; disabled_on=&#8221;off|off|off&#8221; module_id=&#8221;empresa&#8221; _builder_version=&#8221;3.22&#8243; custom_padding=&#8221;0px|0px|0px|0px&#8221;][et_pb_row _builder_version=&#8221;3.25&#8243; background_size=&#8221;initial&#8221; background_position=&#8221;top_left&#8221; background_repeat=&#8221;repeat&#8221; custom_margin=&#8221;0px||0px|&#8221; custom_padding=&#8221;50px|0px|80px|0px|false|false&#8221;][et_pb_column type=&#8221;4_4&#8243; _builder_version=&#8221;3.25&#8243; custom_padding=&#8221;|||&#8221; custom_padding__hover=&#8221;|||&#8221;][et_pb_text _builder_version=&#8221;3.27.4&#8243; text_font=&#8221;|300|||||||&#8221; text_orientation=&#8221;justified&#8221; custom_margin=&#8221;0px||0px|&#8221; custom_padding=&#8221;0px||0px|&#8221; animation_style=&#8221;fade&#8221; animation_duration=&#8221;1500ms&#8221; animation_delay=&#8221;500ms&#8221;]<\/p>\n<p><strong>Designa\u00e7\u00e3o do projeto:<\/strong> Qualifica\u00e7\u00e3o das PME<br \/> <strong>C\u00f3digo do projeto:<\/strong> POCI-02-0853-FEDER-025369<br \/> <strong>Objetivo principal:<\/strong> Refor\u00e7ar a competitividade das PME<br \/> <strong>Regi\u00e3o de interven\u00e7\u00e3o:<\/strong> Norte<br \/> <strong>Entidade benefici\u00e1ria:<\/strong> DOMINGOS DE SOUSA &amp; FILHOS, S.A.<\/p>\n<p><strong>Data de aprova\u00e7\u00e3o:<\/strong> 2017-06-12<br \/> <strong>Data de in\u00edcio:<\/strong> 2017-09-10<br \/> <strong>Data de conclus\u00e3o:<\/strong> 2019-08-31<br \/> <strong>Custo total eleg\u00edvel:<\/strong> 423.104,00 EUR<br \/> <strong>Apoio financeiro da Uni\u00e3o Europeia:<\/strong> FEDER 190.396,80 EUR<\/p>\n<p>&nbsp;<\/p>\n<p><strong>S\u00edntese do projeto:<\/strong><\/p>\n<p>Com este projeto a empresa decidiu investir na implementa\u00e7\u00e3o de novos m\u00e9todos de gest\u00e3o e organiza\u00e7\u00e3o do trabalho com recurso a ferramentas TIC Inovadoras (Entreprise Resource Planning \u2013 ERP; implementa\u00e7\u00e3o de um m\u00f3dulo de gest\u00e3o de vendas \u2013 CRM; implementa\u00e7\u00e3o de m\u00f3dulo de SW para apoio \u00e0 tomada de decis\u00f5es de topo: Business Intelligence \u2013 BI), que ir\u00e3o permitir a desmaterializa\u00e7\u00e3o dos processos internos, com reflexos evidentes na atividade comercial da empresa e, por iner\u00eancia, na flexibilidade e capacidade de resposta aos mercados onde a DS est\u00e1 presente, maioritariamente internacionais, aumentando o volume de neg\u00f3cios da mesma.<\/p>\n<p>Ser\u00e1, portanto, poss\u00edvel explorar novas formas de inova\u00e7\u00e3o com \u00eanfase na inova\u00e7\u00e3o social, na criatividade e fomento das ind\u00fastrias criativas (um hub regional onde a empresa se encontra instalada), atrav\u00e9s da aposta em novos modelos de neg\u00f3cio na ind\u00fastria, fazendo uso do potencial inovador, criativo e produtivo para a promo\u00e7\u00e3o da competitividade da empresa e desenvolvimento regional.<\/p>\n<p>Ap\u00f3s efetuar o levantamento dos requisitos para a contrata\u00e7\u00e3o do software (ERP, BI, CRM), a DS acordou com a DATATEX AG, empresa reconhecida internacionalmente, o fornecimento e implementa\u00e7\u00e3o de um conjunto de softwares desenvolvidos especificamente para o Setor (especificidades da produ\u00e7\u00e3o de felpo numa empresa vertical: fia\u00e7\u00e3o, tecelagem, tinturaria de fio e tecidos, acabamentos e confe\u00e7\u00e3o), para instala\u00e7\u00e3o no equipamento inform\u00e1tico adquirido entretanto para o efeito.<\/p>\n<p>O plano de investimentos deste projeto est\u00e1 intimamente ligado com aquilo que tem sido a evolu\u00e7\u00e3o da empresa nos \u00faltimos anos e a expectativa de crescimento no mercado fruto do contacto com os clientes e, com os <strong><u>objetivos<\/u><\/strong> estrat\u00e9gicos tra\u00e7ados:<\/p>\n<p>&nbsp;<\/p>\n<p>OE1 \u2013 Associar um perfil de inova\u00e7\u00e3o \u00e0 empresa quer a n\u00edvel interno como externo:<\/p>\n<p>-Implementar ferramenta de gest\u00e3o e planeamento de vendas (CRM);<\/p>\n<p>-Implementar ferramenta de Business Intelligence para gest\u00e3o e controlo;<\/p>\n<p>-Disponibilizar ferramentas web (aos clientes e vendedores) para consulta\/apresenta\u00e7\u00e3o dos seus produtos.<\/p>\n<p>&nbsp;<\/p>\n<p>OE2 \u2013 Implementar novos processos organizacionais com vista a garantir melhores \u00edndices de produtividade e competitividade:<\/p>\n<p>-Implementar um sistema de informa\u00e7\u00e3o ERP integrado e web based;<\/p>\n<p>-Implementar uma rede inform\u00e1tica interna, estruturada e assente em tecnologia wifi;<\/p>\n<p>-Atingir o VN de cerca de 19M\u20ac em 2020.<\/p>\n<p>&nbsp;<\/p>\n<p>OE3 \u2013 Apostar na promo\u00e7\u00e3o digital dos seus produtos:<\/p>\n<p>-Lan\u00e7ar uma newsletter semestral para apresenta\u00e7\u00e3o das suas cole\u00e7\u00f5es;<\/p>\n<p>-Investir em tecnologias web based com vista ao marketing e promo\u00e7\u00e3o;<\/p>\n<p>-Atingir um VN Internacional direto de 84% em 2020.<\/p>\n<p>&nbsp;<\/p>\n<p>Com o investimento nestas novas e inovadoras tecnologias, ao n\u00edvel da tomada de decis\u00f5es do dia-a-dia, a DS gra\u00e7as \u00e0 implementa\u00e7\u00e3o de uma ferramenta de suporte \u00e0 decis\u00e3o atrav\u00e9s da integra\u00e7\u00e3o estreita desta com os diferentes m\u00f3dulos do ERP, suportada pela ferramenta de Business Intelligence (BI) capaz de disponibilizar indicadores e de scorecards onde estejam vis\u00edveis quais os n\u00edveis de resultados alcan\u00e7ados por parte da organiza\u00e7\u00e3o, tornou poss\u00edvel possuir informa\u00e7\u00e3o para que as decis\u00f5es a tomar estejam sustentadas e, consequentemente, se obtenham melhores resultados e com um menor n\u00edvel de risco.<\/p>\n<p>As altera\u00e7\u00f5es do sistema de gest\u00e3o da empresa, anteriormente suportado por ferramentas com diferentes tecnologias (desde folhas Excel, Word e pequenos m\u00f3dulos adquiridos ou desenvolvidos e direcionados para partes espec\u00edficas da produ\u00e7\u00e3o), permitiu integrar e organizar toda a informa\u00e7\u00e3o produtiva , possibilitando uma comunica\u00e7\u00e3o mais f\u00e1cil entre as equipas da empresa. M\u00f3dulos de Planeamento, PDM (product development management), MCM (machine capacity management), Gest\u00e3o e Planeamento de Corte, Gest\u00e3o da Produ\u00e7\u00e3o, Compras, Invent\u00e1rio e Custeio j\u00e1 foram implementados e a ser utilizados por toda a organiza\u00e7\u00e3o.<\/p>\n<p>Ao n\u00edvel de investimentos nos dom\u00ednios imateriais de competitividades mas ainda completamente integrado no novo ERP, a DS implementou um m\u00f3dulo de Vendas e CRM que permite que os seus comerciais possam gerir as rela\u00e7\u00f5es da empresa com os seus clientes a n\u00edvel individual (desde encomendas, fatura\u00e7\u00e3o, pistas para neg\u00f3cios potenciais, etc.) e, deste modo, acompanhar o seu ciclo de vida.<\/p>\n<p>Para al\u00e9m das funcionalidades de uma ferramenta de gest\u00e3o de clientes, com vista \u00e0 apresenta\u00e7\u00e3o de produtos\/cole\u00e7\u00f5es espec\u00edficas a um conjunto de clientes (ou cliente em particular), foi desenvolvido um template de newsletter e a cria\u00e7\u00e3o de uma \u00e1rea reservada no site da empresa (www.domingossousa.pt), que possibilita o acesso a conte\u00fados exclusivos e personalizados.<\/p>\n<p>\u00a0Os investimentos anteriormente identificados est\u00e3o em linha com os objetivos estrat\u00e9gicos previamente definidos (OE1, OE2 e OE3), e concorrem de forma direta para a prossecu\u00e7\u00e3o da aposta nos mercados internacionais.<\/p>\n<p>&nbsp;<\/p>\n<p>&nbsp;<\/p>\n<p>[\/et_pb_text][\/et_pb_column][\/et_pb_row][\/et_pb_section][et_pb_section fb_built=&#8221;1&#8243; inner_shadow=&#8221;on&#8221; _builder_version=&#8221;3.22&#8243; background_color=&#8221;#fcbf00&#8243; background_image=&#8221;https:\/\/domingossousa.pt\/pt\/wp-content\/uploads\/2018\/05\/domingos_de_sousa_PARALAX_HOME.jpg&#8221; parallax=&#8221;on&#8221; parallax_method=&#8221;off&#8221; custom_margin=&#8221;0px|0px|0px|0px&#8221; custom_padding=&#8221;0px|0px|0px|0px&#8221; animation_direction=&#8221;bottom&#8221;][et_pb_row use_custom_gutter=&#8221;on&#8221; gutter_width=&#8221;1&#8243; column_padding_mobile=&#8221;on&#8221; module_class=&#8221; et_pb_row_fullwidth&#8221; _builder_version=&#8221;3.25&#8243; background_color=&#8221;rgba(105,95,93,0.89)&#8221; background_size=&#8221;initial&#8221; background_position=&#8221;top_left&#8221; background_repeat=&#8221;repeat&#8221; width=&#8221;100%&#8221; width_tablet=&#8221;100%&#8221; width_phone=&#8221;&#8221; width_last_edited=&#8221;on|desktop&#8221; max_width=&#8221;100%&#8221; max_width_tablet=&#8221;100%&#8221; max_width_phone=&#8221;&#8221; max_width_last_edited=&#8221;on|desktop&#8221; module_alignment=&#8221;center&#8221; custom_margin=&#8221;0px||0px|&#8221; custom_padding=&#8221;130px||130px|&#8221; make_fullwidth=&#8221;on&#8221;][et_pb_column type=&#8221;4_4&#8243; _builder_version=&#8221;3.25&#8243; custom_padding=&#8221;|||&#8221; custom_padding__hover=&#8221;|||&#8221;][et_pb_cta title=&#8221;SEIS D\u00c9CADAS DE EXPERI\u00caNCIA NA IND\u00daSTRIA T\u00caXTIL&#8221; button_url=&#8221;https:\/\/domingossousa.pt\/pt\/contactos\/&#8221; admin_label=&#8221;Chamada de Aten\u00e7\u00e3o para os contactos&#8221; _builder_version=&#8221;3.16&#8243; header_font=&#8221;||||||||&#8221; header_letter_spacing=&#8221;1px&#8221; body_font=&#8221;||||||||&#8221; use_background_color=&#8221;off&#8221; background_size=&#8221;initial&#8221; background_position=&#8221;top_left&#8221; background_repeat=&#8221;repeat&#8221; button_alignment=&#8221;center&#8221; custom_margin=&#8221;|||&#8221; custom_margin_phone=&#8221;|||&#8221; custom_margin_last_edited=&#8221;off|desktop&#8221; custom_padding=&#8221;|20px||20px&#8221; animation_style=&#8221;slide&#8221; animation_direction=&#8221;bottom&#8221; animation_duration=&#8221;1500ms&#8221; animation_intensity_slide=&#8221;10%&#8221; header_font_size_tablet=&#8221;28px&#8221; header_font_size_phone=&#8221;25px&#8221; header_font_size_last_edited=&#8221;off|desktop&#8221; button_text_size_tablet=&#8221;17px&#8221; button_text_size_phone=&#8221;16px&#8221; button_text_size_last_edited=&#8221;on|desktop&#8221; inline_fonts=&#8221;Dosis,Montserrat&#8221; button_text_size__hover_enabled=&#8221;off&#8221; button_one_text_size__hover_enabled=&#8221;off&#8221; button_two_text_size__hover_enabled=&#8221;off&#8221; button_text_color__hover_enabled=&#8221;off&#8221; button_one_text_color__hover_enabled=&#8221;off&#8221; button_two_text_color__hover_enabled=&#8221;off&#8221; button_border_width__hover_enabled=&#8221;off&#8221; button_one_border_width__hover_enabled=&#8221;off&#8221; button_two_border_width__hover_enabled=&#8221;off&#8221; button_border_color__hover_enabled=&#8221;off&#8221; button_one_border_color__hover_enabled=&#8221;off&#8221; button_two_border_color__hover_enabled=&#8221;off&#8221; button_border_radius__hover_enabled=&#8221;off&#8221; button_one_border_radius__hover_enabled=&#8221;off&#8221; button_two_border_radius__hover_enabled=&#8221;off&#8221; button_letter_spacing__hover_enabled=&#8221;off&#8221; button_one_letter_spacing__hover_enabled=&#8221;off&#8221; button_two_letter_spacing__hover_enabled=&#8221;off&#8221; button_bg_color__hover_enabled=&#8221;off&#8221; button_one_bg_color__hover_enabled=&#8221;off&#8221; button_two_bg_color__hover_enabled=&#8221;off&#8221;]&nbsp;<br \/>\n[\/et_pb_cta][\/et_pb_column][\/et_pb_row][\/et_pb_section][et_pb_section fb_built=&#8221;1&#8243; disabled_on=&#8221;off|off|off&#8221; _builder_version=&#8221;3.2.1&#8243; background_color=&#8221;#ffffff&#8221; custom_padding=&#8221;0px||0px|&#8221; custom_padding_tablet=&#8221;0px||0px|&#8221; border_width_top=&#8221;1px&#8221; border_color_top=&#8221;#E2D5D0&#8243; border_style_top=&#8221;dashed&#8221; padding_mobile=&#8221;on&#8221; global_module=&#8221;34289&#8243;][et_pb_row use_custom_gutter=&#8221;on&#8221; gutter_width=&#8221;2&#8243; column_padding_mobile=&#8221;on&#8221; module_class=&#8221;linkfooter et_pb_row_fullwidth&#8221; _builder_version=&#8221;3.25&#8243; background_size=&#8221;initial&#8221; background_position=&#8221;top_left&#8221; background_repeat=&#8221;repeat&#8221; width=&#8221;94%&#8221; width_tablet=&#8221;80%&#8221; width_phone=&#8221;&#8221; width_last_edited=&#8221;on|desktop&#8221; max_width=&#8221;94%&#8221; max_width_tablet=&#8221;80%&#8221; max_width_phone=&#8221;&#8221; max_width_last_edited=&#8221;on|desktop&#8221; custom_margin=&#8221;0px||0px|&#8221; custom_padding=&#8221;30px||10px|&#8221; make_fullwidth=&#8221;on&#8221;][et_pb_column type=&#8221;4_4&#8243; _builder_version=&#8221;3.25&#8243; custom_padding=&#8221;|||&#8221; custom_padding__hover=&#8221;|||&#8221;][et_pb_social_media_follow disabled_on=&#8221;off|off|off&#8221; admin_label=&#8221;Redes sociais&#8221; _builder_version=&#8221;4.9.0&#8243; text_orientation=&#8221;center&#8221; custom_margin=&#8221;20px||10px|&#8221; custom_padding=&#8221;0px||0px|&#8221; border_radii=&#8221;on|100%|100%|100%|100%&#8221; link_shape=&#8221;circle&#8221;][et_pb_social_media_follow_network social_network=&#8221;facebook&#8221; url=&#8221;https:\/\/www.facebook.com\/domingosdesousaportugal&#8221; _builder_version=&#8221;4.9.0&#8243; background_color=&#8221;#695F5D&#8221; bg_color=&#8221;#3b5998&#8243; link_shape=&#8221;circle&#8221; follow_button=&#8221;off&#8221; url_new_window=&#8221;on&#8221;]facebook[\/et_pb_social_media_follow_network][et_pb_social_media_follow_network social_network=&#8221;instagram&#8221; url=&#8221;https:\/\/www.instagram.com\/domingosdesousaportugal\/&#8221; _builder_version=&#8221;4.9.0&#8243; background_color=&#8221;#695F5D&#8221; bg_color=&#8221;#3b5998&#8243; link_shape=&#8221;circle&#8221; follow_button=&#8221;off&#8221; url_new_window=&#8221;on&#8221;]instagram[\/et_pb_social_media_follow_network][et_pb_social_media_follow_network social_network=&#8221;linkedin&#8221; url=&#8221;https:\/\/pt.linkedin.com\/company\/domingosdesousa&#8221; _builder_version=&#8221;4.9.0&#8243; background_color=&#8221;#695F5D&#8221; bg_color=&#8221;#3b5998&#8243; link_shape=&#8221;circle&#8221; follow_button=&#8221;off&#8221; url_new_window=&#8221;on&#8221;]linkedin[\/et_pb_social_media_follow_network][et_pb_social_media_follow_network social_network=&#8221;twitter&#8221; url=&#8221;https:\/\/twitter.com\/domingossousapt&#8221; _builder_version=&#8221;4.9.0&#8243; background_color=&#8221;#695F5D&#8221; bg_color=&#8221;#00aced&#8221; link_shape=&#8221;circle&#8221; follow_button=&#8221;off&#8221; url_new_window=&#8221;on&#8221;]Twitter[\/et_pb_social_media_follow_network][et_pb_social_media_follow_network social_network=&#8221;youtube&#8221; url=&#8221;https:\/\/www.youtube.com\/channel\/UCFO_ZxaPaFrycIEh2gzNDxw&#8221; _builder_version=&#8221;3.3.1&#8243; background_color=&#8221;#695F5D&#8221; link_shape=&#8221;circle&#8221; follow_button=&#8221;off&#8221; url_new_window=&#8221;on&#8221;]youtube[\/et_pb_social_media_follow_network][\/et_pb_social_media_follow][et_pb_image src=&#8221;https:\/\/domingossousa.pt\/pt\/wp-content\/uploads\/2018\/05\/domingos_de_sousa_logos_apoios.png&#8221; align=&#8221;center&#8221; align_tablet=&#8221;center&#8221; align_phone=&#8221;&#8221; align_last_edited=&#8221;on|desktop&#8221; _builder_version=&#8221;3.23&#8243;]<\/p>\n<p>\u00a0<\/p>\n<p>[\/et_pb_image][et_pb_text admin_label=&#8221;Rodape nome do site&#8221; _builder_version=&#8221;3.27.4&#8243; text_font=&#8221;||||||||&#8221; text_text_color=&#8221;#adadad&#8221; text_line_height=&#8221;1.3em&#8221; background_size=&#8221;initial&#8221; background_position=&#8221;top_left&#8221; background_repeat=&#8221;repeat&#8221; text_orientation=&#8221;center&#8221; custom_margin=&#8221;0px||0px|&#8221; custom_padding=&#8221;0px||0px|&#8221;]<\/p>\n<p style=\"font-size: 14px;\">\u00a9 DOMINGOS DE SOUSA E FILHOS, S.A.<\/p>\n<p>[\/et_pb_text][et_pb_text admin_label=&#8221;Rodape nome do site&#8221; _builder_version=&#8221;3.27.4&#8243; text_font=&#8221;||||||||&#8221; text_text_color=&#8221;#adadad&#8221; text_font_size=&#8221;12px&#8221; text_line_height=&#8221;1.3em&#8221; background_size=&#8221;initial&#8221; background_position=&#8221;top_left&#8221; background_repeat=&#8221;repeat&#8221; text_orientation=&#8221;center&#8221; custom_margin=&#8221;0px||0px|&#8221; custom_padding=&#8221;8px||5px|&#8221;]<\/p>\n<p><a href=\"https:\/\/domingossousa.pt\/pt\/protecao-de-dados\/#PP\">Pol\u00edtica de Privacidade<\/a> | <a href=\"https:\/\/domingossousa.pt\/pt\/protecao-de-dados\/#RLO\">Resolu\u00e7\u00e3o de Lit\u00edgios Online<\/a> | <a href=\"https:\/\/domingossousa.pt\/pt\/protecao-de-dados\/#PC\">Pol\u00edtica de Cookies<\/a><\/p>\n<p>[\/et_pb_text][et_pb_text admin_label=&#8221;Rodape nome do site&#8221; _builder_version=&#8221;3.27.4&#8243; text_font=&#8221;||||||||&#8221; text_text_color=&#8221;#adadad&#8221; text_font_size=&#8221;12px&#8221; text_line_height=&#8221;1.3em&#8221; background_size=&#8221;initial&#8221; background_position=&#8221;top_left&#8221; background_repeat=&#8221;repeat&#8221; text_orientation=&#8221;center&#8221; custom_margin=&#8221;0px||0px|&#8221; custom_padding=&#8221;0px||0px|&#8221;]<\/p>\n<p><!--<a style=\"color: #adadad;\" href=\"https:\/\/domingossousa.pt\/pt\/politica-de-privacidade\/\">Pol\u00edtica de Privacidade<\/a> | -->webdesign by: <a href=\"http:\/\/criativo.net\" target=\"_blank\" rel=\"noopener noreferrer\">criativo.net<\/a><\/p>\n<p>[\/et_pb_text][et_pb_image src=&#8221;https:\/\/domingossousa.pt\/pt\/wp-content\/uploads\/2019\/06\/certificado-ssl-pt.png&#8221; align=&#8221;center&#8221; _builder_version=&#8221;3.24.1&#8243; custom_margin=&#8221;0px||0px||true&#8221; custom_padding=&#8221;20px||0px||false&#8221; locked=&#8221;off&#8221;][\/et_pb_image][\/et_pb_column][\/et_pb_row][\/et_pb_section]<\/p>\n","protected":false},"excerpt":{"rendered":"<p>[et_pb_section fb_built=&#8221;1&#8243; disabled_on=&#8221;off|off|off&#8221; module_id=&#8221;empresa&#8221; _builder_version=&#8221;3.22&#8243; background_color=&#8221;rgba(226,213,208,0.18)&#8221; custom_margin=&#8221;0px||0px|&#8221; custom_padding=&#8221;15px|0px|0px|0px|false|false&#8221; hover_enabled=&#8221;0&#8243; sticky_enabled=&#8221;0&#8243;][et_pb_row column_structure=&#8221;1_2,1_2&#8243; _builder_version=&#8221;3.25&#8243; background_size=&#8221;initial&#8221; background_position=&#8221;top_left&#8221; background_repeat=&#8221;repeat&#8221; custom_margin=&#8221;0px||0px|&#8221; custom_padding=&#8221;0|0px|0px|0px|false|false&#8221;][et_pb_column type=&#8221;1_2&#8243; _builder_version=&#8221;3.25&#8243; custom_padding=&#8221;|||&#8221; custom_padding__hover=&#8221;|||&#8221;][et_pb_image src=&#8221;https:\/\/domingossousa.pt\/pt\/wp-content\/uploads\/2018\/05\/IMG-PROJETOS2.png&#8221; align=&#8221;center&#8221; align_tablet=&#8221;center&#8221; align_phone=&#8221;&#8221; align_last_edited=&#8221;on|desktop&#8221; _builder_version=&#8221;3.23&#8243; custom_margin=&#8221;15px|||&#8221; animation_style=&#8221;slide&#8221; animation_direction=&#8221;left&#8221; animation_duration=&#8221;1500ms&#8221; animation_delay=&#8221;500ms&#8221; animation_intensity_slide=&#8221;10%&#8221;]&nbsp; [\/et_pb_image][\/et_pb_column][et_pb_column type=&#8221;1_2&#8243; _builder_version=&#8221;3.25&#8243; custom_padding=&#8221;|||&#8221; custom_padding__hover=&#8221;|||&#8221;][\/et_pb_column][\/et_pb_row][\/et_pb_section][et_pb_section fb_built=&#8221;1&#8243; disabled_on=&#8221;off|off|off&#8221; module_id=&#8221;empresa&#8221; _builder_version=&#8221;3.22&#8243; background_color=&#8221;rgba(226,213,208,0.18)&#8221; custom_margin=&#8221;0px||0px|&#8221; custom_padding=&#8221;29px|0px|23px|0px|false|false&#8221;][et_pb_row column_structure=&#8221;1_2,1_2&#8243; _builder_version=&#8221;3.25&#8243; background_size=&#8221;initial&#8221; background_position=&#8221;top_left&#8221; background_repeat=&#8221;repeat&#8221; custom_margin=&#8221;0px||0px|&#8221; custom_padding=&#8221;0|0px|0px|0px|false|false&#8221;][et_pb_column type=&#8221;1_2&#8243; _builder_version=&#8221;3.25&#8243; custom_padding=&#8221;|||&#8221; [&hellip;]<\/p>\n","protected":false},"author":3,"featured_media":0,"parent":0,"menu_order":0,"comment_status":"closed","ping_status":"closed","template":"","meta":{"_et_pb_use_builder":"on","_et_pb_old_content":"","_et_gb_content_width":""},"_links":{"self":[{"href":"https:\/\/domingossousa.pt\/pt\/wp-json\/wp\/v2\/pages\/36305"}],"collection":[{"href":"https:\/\/domingossousa.pt\/pt\/wp-json\/wp\/v2\/pages"}],"about":[{"href":"https:\/\/domingossousa.pt\/pt\/wp-json\/wp\/v2\/types\/page"}],"author":[{"embeddable":true,"href":"https:\/\/domingossousa.pt\/pt\/wp-json\/wp\/v2\/users\/3"}],"replies":[{"embeddable":true,"href":"https:\/\/domingossousa.pt\/pt\/wp-json\/wp\/v2\/comments?post=36305"}],"version-history":[{"count":15,"href":"https:\/\/domingossousa.pt\/pt\/wp-json\/wp\/v2\/pages\/36305\/revisions"}],"predecessor-version":[{"id":38169,"href":"https:\/\/domingossousa.pt\/pt\/wp-json\/wp\/v2\/pages\/36305\/revisions\/38169"}],"wp:attachment":[{"href":"https:\/\/domingossousa.pt\/pt\/wp-json\/wp\/v2\/media?parent=36305"}],"curies":[{"name":"wp","href":"https:\/\/api.w.org\/{rel}","templated":true}]}}