{"id":38193,"date":"2023-07-13T09:37:48","date_gmt":"2023-07-13T09:37:48","guid":{"rendered":"https:\/\/domingossousa.pt\/pt\/?page_id=38193"},"modified":"2023-07-24T12:54:20","modified_gmt":"2023-07-24T12:54:20","slug":"projeto-iii","status":"publish","type":"page","link":"https:\/\/domingossousa.pt\/pt\/projeto-iii\/","title":{"rendered":"Projeto III"},"content":{"rendered":"<p>[et_pb_section fb_built=&#8221;1&#8243; _builder_version=&#8221;4.9.0&#8243; _module_preset=&#8221;default&#8221; background_color=&#8221;rgba(226,213,208,0.18)&#8221; width=&#8221;100%&#8221; height=&#8221;1000px&#8221; max_height=&#8221;294px&#8221; custom_margin=&#8221;0px||-68px||false|false&#8221; custom_padding=&#8221;||0px|||&#8221;][et_pb_row column_structure=&#8221;1_3,1_3,1_3&#8243; _builder_version=&#8221;4.9.0&#8243; _module_preset=&#8221;default&#8221;][et_pb_column type=&#8221;1_3&#8243; _builder_version=&#8221;4.9.0&#8243; _module_preset=&#8221;default&#8221;][et_pb_text _builder_version=&#8221;4.9.0&#8243; _module_preset=&#8221;default&#8221; header_font=&#8221;Montserrat|600|||||||&#8221; header_text_color=&#8221;#695a56&#8243; header_font_size=&#8221;22px&#8221; header_2_font=&#8221;Montserrat||||||||&#8221; header_2_text_color=&#8221;#695a56&#8243; header_2_font_size=&#8221;21px&#8221;]<\/p>\n<h1>Gest\u00e3o Inteligente da \u00c1gua<\/h1>\n<h2>Ficha de Projeto<\/h2>\n<p>[\/et_pb_text][\/et_pb_column][et_pb_column type=&#8221;1_3&#8243; _builder_version=&#8221;4.9.0&#8243; _module_preset=&#8221;default&#8221;][et_pb_image src=&#8221;https:\/\/domingossousa.pt\/pt\/wp-content\/uploads\/2023\/07\/GIATEX.png&#8221; title_text=&#8221;GIATEX&#8221; _builder_version=&#8221;4.9.0&#8243; _module_preset=&#8221;default&#8221; transform_scale=&#8221;44%|44%&#8221; transform_translate=&#8221;-320px|-106px&#8221;][\/et_pb_image][\/et_pb_column][et_pb_column type=&#8221;1_3&#8243; _builder_version=&#8221;4.9.0&#8243; _module_preset=&#8221;default&#8221;][et_pb_image src=&#8221;https:\/\/domingossousa.pt\/pt\/wp-content\/uploads\/2023\/07\/confinanciado-1.png&#8221; title_text=&#8221;confinanciado&#8221; _builder_version=&#8221;4.9.0&#8243; _module_preset=&#8221;default&#8221; transform_scale=&#8221;126%|126%&#8221; transform_translate=&#8221;39px|7px&#8221;][\/et_pb_image][\/et_pb_column][\/et_pb_row][\/et_pb_section][et_pb_section fb_built=&#8221;1&#8243; _builder_version=&#8221;4.9.0&#8243; _module_preset=&#8221;default&#8221;][et_pb_row _builder_version=&#8221;4.9.0&#8243; _module_preset=&#8221;default&#8221; custom_margin=&#8221;-33px||||false|false&#8221;][et_pb_column type=&#8221;4_4&#8243; _builder_version=&#8221;4.9.0&#8243; _module_preset=&#8221;default&#8221;][et_pb_text _builder_version=&#8221;4.9.0&#8243; _module_preset=&#8221;default&#8221; text_font=&#8221;|300|||||||&#8221; hover_enabled=&#8221;0&#8243; inline_fonts=&#8221;Acme,Abel&#8221; sticky_enabled=&#8221;0&#8243;]<\/p>\n<p><strong>\u00a0Refer\u00eancia do Projeto:<\/strong> n\u00ba\u00a0<span>C644943052-00000050\u00a0 \u00a0 \u00a0 \u00a0 \u00a0 \u00a0 \u00a0 \u00a0 \u00a0 \u00a0 \u00a0 \u00a0 \u00a0 \u00a0 \u00a0 \u00a0 \u00a0 \u00a0 \u00a0 \u00a0 \u00a0 \u00a0 \u00a0 \u00a0 \u00a0 \u00a0 \u00a0 \u00a0 \u00a0 \u00a0 \u00a0 \u00a0 \u00a0 \u00a0 \u00a0 \u00a0 \u00a0 \u00a0 \u00a0 \u00a0 \u00a0 \u00a0 \u00a0 \u00a0 \u00a0 \u00a0 \u00a0 \u00a0 \u00a0 \u00a0 \u00a0 \u00a0 \u00a0 \u00a0 \u00a0 \u00a0 \u00a0 \u00a0 \u00a0 \u00a0 \u00a0 \u00a0 \u00a0 \u00a0 \u00a0 \u00a0 \u00a0 \u00a0 \u00a0 \u00a0 \u00a0 \u00a0 \u00a0 \u00a0 \u00a0 \u00a0<\/span><span><strong>N\u00famero de Projeto:<\/strong> n\u00ba17\u00a0 \u00a0 \u00a0 \u00a0 \u00a0 \u00a0 \u00a0 \u00a0 \u00a0 \u00a0 \u00a0 \u00a0 \u00a0 \u00a0 \u00a0 \u00a0 \u00a0 \u00a0 \u00a0 \u00a0 \u00a0 \u00a0 \u00a0 \u00a0 \u00a0 \u00a0 \u00a0 \u00a0 \u00a0 \u00a0 \u00a0 \u00a0 \u00a0 \u00a0 \u00a0 \u00a0 \u00a0 \u00a0 \u00a0 \u00a0 \u00a0 \u00a0 \u00a0 \u00a0 \u00a0 \u00a0 \u00a0 \u00a0 \u00a0 \u00a0 \u00a0 \u00a0 \u00a0 \u00a0 \u00a0 \u00a0 \u00a0 \u00a0 \u00a0 \u00a0 \u00a0 \u00a0 \u00a0 \u00a0 \u00a0 \u00a0 \u00a0 \u00a0 \u00a0 \u00a0 \u00a0 \u00a0 \u00a0 \u00a0 \u00a0 \u00a0 \u00a0 \u00a0 \u00a0 \u00a0 \u00a0 \u00a0 \u00a0 \u00a0 \u00a0 \u00a0 \u00a0 \u00a0 \u00a0 \u00a0 \u00a0 \u00a0 \u00a0 \u00a0 \u00a0 \u00a0 \u00a0<strong>Programa financiador:<\/strong> Plano de Recupera\u00e7\u00e3o e Resili\u00eancia\u00a0 \u00a0 \u00a0 \u00a0 \u00a0 \u00a0 \u00a0 \u00a0 \u00a0 \u00a0 \u00a0 \u00a0 \u00a0 \u00a0 \u00a0 \u00a0 \u00a0 \u00a0 \u00a0 \u00a0 \u00a0 \u00a0 \u00a0 \u00a0 \u00a0 \u00a0 \u00a0 \u00a0 \u00a0 \u00a0 \u00a0 \u00a0 \u00a0 \u00a0 \u00a0 \u00a0 \u00a0 \u00a0 \u00a0 \u00a0 \u00a0 \u00a0 \u00a0 \u00a0 \u00a0 \u00a0 \u00a0 \u00a0 \u00a0 \u00a0 \u00a0 \u00a0 \u00a0 \u00a0 \u00a0 \u00a0 \u00a0 \u00a0 \u00a0 \u00a0 \u00a0<strong>Componente:<\/strong> C5: Capitaliza\u00e7\u00e3o e Inova\u00e7\u00e3o Empresarial\u00a0 \u00a0 \u00a0 \u00a0 \u00a0 \u00a0 \u00a0 \u00a0 \u00a0 \u00a0 \u00a0 \u00a0 \u00a0 \u00a0 \u00a0 \u00a0 \u00a0 \u00a0 \u00a0 \u00a0 \u00a0 \u00a0 \u00a0 \u00a0 \u00a0 \u00a0 \u00a0 \u00a0 \u00a0 \u00a0 \u00a0 \u00a0 \u00a0 \u00a0 \u00a0 \u00a0 \u00a0 \u00a0 \u00a0 \u00a0 \u00a0 \u00a0 \u00a0 \u00a0 \u00a0 \u00a0 \u00a0 \u00a0 \u00a0 \u00a0 \u00a0 \u00a0 \u00a0 \u00a0 \u00a0 \u00a0 \u00a0 \u00a0 \u00a0 \u00a0 \u00a0 \u00a0 \u00a0 \u00a0 \u00a0 \u00a0 \u00a0 \u00a0 \u00a0 \u00a0 \u00a0 \u00a0 \u00a0 \u00a0 \u00a0 \u00a0 \u00a0 \u00a0 \u00a0<strong>Medida:<\/strong> RE &#8211; C05- i01.01 &#8211; Agendas\/Alian\u00e7as mobilizadoras para a Inova\u00e7\u00e3o Empresarial\u00a0 \u00a0 \u00a0 \u00a0 \u00a0 \u00a0 \u00a0 \u00a0 \u00a0 \u00a0 \u00a0 \u00a0 \u00a0 \u00a0 \u00a0 \u00a0 \u00a0 \u00a0 \u00a0 \u00a0 \u00a0 \u00a0 \u00a0 \u00a0 \u00a0 \u00a0 \u00a0 \u00a0 \u00a0 \u00a0 \u00a0 \u00a0 \u00a0 \u00a0 \u00a0<strong>Investimento eleg\u00edvel:<\/strong>\u00a018 141 273,21 \u20ac\u00a0 \u00a0 \u00a0 \u00a0 \u00a0 \u00a0 \u00a0 \u00a0 \u00a0 \u00a0 \u00a0 \u00a0 \u00a0 \u00a0 \u00a0 \u00a0 \u00a0 \u00a0 \u00a0 \u00a0 \u00a0 \u00a0 \u00a0 \u00a0 \u00a0 \u00a0 \u00a0 \u00a0 \u00a0 \u00a0 \u00a0 \u00a0 \u00a0 \u00a0 \u00a0 \u00a0 \u00a0 \u00a0 \u00a0 \u00a0 \u00a0 \u00a0 \u00a0 \u00a0 \u00a0 \u00a0 \u00a0 \u00a0 \u00a0 \u00a0 \u00a0 \u00a0 \u00a0 \u00a0 \u00a0 \u00a0 \u00a0 \u00a0 \u00a0 \u00a0 \u00a0 \u00a0 \u00a0 \u00a0 \u00a0 \u00a0 \u00a0 \u00a0 \u00a0 \u00a0 \u00a0 \u00a0 \u00a0 \u00a0 \u00a0 \u00a0 \u00a0 \u00a0 \u00a0 \u00a0 \u00a0 \u00a0 \u00a0 \u00a0 \u00a0 \u00a0 \u00a0 \u00a0 \u00a0 <strong>\u00a0 \u00a0Incentivo:<\/strong>\u00a011 385 568,03 \u20ac\u00a0<\/span><span>\u00a0<\/span><span>\u00a0 \u00a0 \u00a0 \u00a0 \u00a0 \u00a0 \u00a0 \u00a0 \u00a0 \u00a0 \u00a0 \u00a0 \u00a0 \u00a0 \u00a0 \u00a0 \u00a0 \u00a0 \u00a0 \u00a0 \u00a0 \u00a0 \u00a0 \u00a0 \u00a0 \u00a0 \u00a0 \u00a0 \u00a0 \u00a0 \u00a0 \u00a0 \u00a0 \u00a0 \u00a0 \u00a0 \u00a0 \u00a0 \u00a0 \u00a0 \u00a0 \u00a0 \u00a0 \u00a0 \u00a0 \u00a0 \u00a0 \u00a0 \u00a0 \u00a0 \u00a0 \u00a0 \u00a0 \u00a0 \u00a0 \u00a0 \u00a0 \u00a0 \u00a0 \u00a0 \u00a0 \u00a0 \u00a0 \u00a0 \u00a0 \u00a0 \u00a0 \u00a0 \u00a0 \u00a0 \u00a0 \u00a0 \u00a0 \u00a0 \u00a0 \u00a0 \u00a0 \u00a0 \u00a0 \u00a0 \u00a0 \u00a0 \u00a0 \u00a0 \u00a0 \u00a0 \u00a0 \u00a0 \u00a0 \u00a0 \u00a0 \u00a0 \u00a0 \u00a0 \u00a0 \u00a0 \u00a0 \u00a0 \u00a0 \u00a0 \u00a0 \u00a0 \u00a0<strong>\u00a0 \u00a0Data de in\u00edcio:<\/strong>\u00a001\/10\/2022\u00a0 \u00a0 \u00a0 \u00a0 \u00a0 \u00a0 \u00a0 \u00a0 \u00a0 \u00a0 \u00a0 \u00a0 \u00a0 \u00a0 \u00a0 \u00a0 \u00a0 \u00a0 \u00a0 \u00a0 \u00a0 \u00a0 \u00a0 \u00a0 \u00a0 \u00a0 \u00a0 \u00a0 \u00a0 \u00a0 \u00a0 \u00a0 \u00a0 \u00a0 \u00a0 \u00a0 \u00a0 \u00a0 \u00a0 \u00a0 \u00a0 \u00a0 \u00a0 \u00a0 \u00a0 \u00a0 \u00a0 \u00a0 \u00a0 \u00a0 \u00a0 \u00a0 \u00a0 \u00a0 \u00a0 \u00a0 \u00a0 \u00a0 \u00a0 \u00a0 \u00a0 \u00a0 \u00a0 \u00a0 \u00a0 \u00a0 \u00a0 \u00a0 \u00a0 \u00a0 \u00a0 \u00a0 \u00a0 \u00a0 \u00a0 \u00a0 \u00a0 \u00a0 \u00a0 \u00a0 \u00a0 \u00a0 \u00a0 \u00a0 \u00a0 \u00a0 \u00a0 \u00a0 \u00a0 \u00a0 \u00a0 \u00a0 \u00a0 \u00a0 \u00a0 \u00a0 \u00a0 \u00a0\u00a0<strong>\u00a0 \u00a0Data\u00a0de conclus\u00e3o:<\/strong> 30\/09\/2025 \u00a0 \u00a0 \u00a0 \u00a0 \u00a0 \u00a0 \u00a0 \u00a0 \u00a0 \u00a0 \u00a0 \u00a0 \u00a0 \u00a0 \u00a0 \u00a0 \u00a0 \u00a0 \u00a0 \u00a0 \u00a0 \u00a0 \u00a0 \u00a0 \u00a0 \u00a0 \u00a0 \u00a0 \u00a0 \u00a0 \u00a0 \u00a0 \u00a0 \u00a0 \u00a0 \u00a0 \u00a0 \u00a0 \u00a0 \u00a0 \u00a0 \u00a0 \u00a0 \u00a0 \u00a0 \u00a0 \u00a0 \u00a0 \u00a0 \u00a0 \u00a0 \u00a0 \u00a0 \u00a0 \u00a0 \u00a0 \u00a0 \u00a0 \u00a0<\/span><\/p>\n<p>[\/et_pb_text][\/et_pb_column][\/et_pb_row][\/et_pb_section][et_pb_section fb_built=&#8221;1&#8243; _builder_version=&#8221;4.9.0&#8243; _module_preset=&#8221;default&#8221;][et_pb_row _builder_version=&#8221;4.9.0&#8243; _module_preset=&#8221;default&#8221;][et_pb_column type=&#8221;4_4&#8243; _builder_version=&#8221;4.9.0&#8243; _module_preset=&#8221;default&#8221;][et_pb_text _builder_version=&#8221;4.9.0&#8243; _module_preset=&#8221;default&#8221; text_font=&#8221;|300|||||||&#8221; custom_margin=&#8221;-110px||||false|false&#8221;]<\/p>\n<p style=\"text-align: justify;\"><strong>Objetivo<\/strong><\/p>\n<p style=\"text-align: justify;\">\u00a0O projeto GIATEX visa responder aos desafios enfrentados pelas empresas de enobrecimento t\u00eaxtil ao n\u00edvel do consumo intensivo de \u00e1gua.<\/p>\n<p style=\"text-align: justify;\">Para isso, pretende-se desenvolver um conjunto de ferramentas que permitam \u00e0s empresas:<\/p>\n<p style=\"text-align: justify;\"><strong>1.<\/strong> Reduzir o consumo espec\u00edfico de \u00e1gua (utiliza\u00e7\u00e3o de tecnologias de enobrecimento menos intensivas e ado\u00e7\u00e3o de tecnologias de tratamento que permitam a reutiliza\u00e7\u00e3o da \u00e1gua).<\/p>\n<p style=\"text-align: justify;\"><strong>2.<\/strong> Apoiar na decis\u00e3o sobre o destino final a dar \u00e0s \u00e1guas (atrav\u00e9s da integra\u00e7\u00e3o de sistemas de monitoriza\u00e7\u00e3o e controlo do processo e de uma nova ferramenta de apoio \u00e0 gest\u00e3o da \u00e1gua).<\/p>\n<p style=\"text-align: justify;\">Tem como promotor l\u00edder a Estamparia T\u00eaxtil Adalberto Pinto da Silva, S.A. (ADALBERTO), sob a coordena\u00e7\u00e3o t\u00e9cnica do CITEVE, e estrutura-se em 8 WPs alinhados com 4\/6 Pilares Estrat\u00e9gicos do Programa de Recupera\u00e7\u00e3o e Resili\u00eancia (PRR): (i) Transi\u00e7\u00e3o Verde; (ii) Transforma\u00e7\u00e3o digital; (iii) Crescimento inteligente; e (iv) Resili\u00eancia econ\u00f4mica. Cada WP \u00e9 dividido em v\u00e1rias tarefas espec\u00edficas.<\/p>\n<p>[\/et_pb_text][\/et_pb_column][\/et_pb_row][\/et_pb_section][et_pb_section fb_built=&#8221;1&#8243; _builder_version=&#8221;4.9.0&#8243; _module_preset=&#8221;default&#8221;][et_pb_row _builder_version=&#8221;4.9.0&#8243; _module_preset=&#8221;default&#8221;][et_pb_column type=&#8221;4_4&#8243; _builder_version=&#8221;4.9.0&#8243; _module_preset=&#8221;default&#8221;][et_pb_text _builder_version=&#8221;4.9.0&#8243; _module_preset=&#8221;default&#8221; custom_margin=&#8221;-104px||||false|false&#8221;]<\/p>\n<p><strong>Estrutura do Projeto<\/strong><\/p>\n<p>[\/et_pb_text][\/et_pb_column][\/et_pb_row][\/et_pb_section][et_pb_section fb_built=&#8221;1&#8243; _builder_version=&#8221;4.9.0&#8243; _module_preset=&#8221;default&#8221;][et_pb_row _builder_version=&#8221;4.9.0&#8243; _module_preset=&#8221;default&#8221;][et_pb_column type=&#8221;4_4&#8243; _builder_version=&#8221;4.9.0&#8243; _module_preset=&#8221;default&#8221;][et_pb_image src=&#8221;https:\/\/domingossousa.pt\/pt\/wp-content\/uploads\/2023\/07\/tabela.png&#8221; title_text=&#8221;tabela&#8221; _builder_version=&#8221;4.9.0&#8243; _module_preset=&#8221;default&#8221; custom_margin=&#8221;-230px||||false|false&#8221;][\/et_pb_image][\/et_pb_column][\/et_pb_row][\/et_pb_section][et_pb_section fb_built=&#8221;1&#8243; _builder_version=&#8221;4.9.0&#8243; _module_preset=&#8221;default&#8221;][et_pb_row _builder_version=&#8221;4.9.0&#8243; _module_preset=&#8221;default&#8221;][et_pb_column type=&#8221;4_4&#8243; _builder_version=&#8221;4.9.0&#8243; _module_preset=&#8221;default&#8221;][et_pb_text _builder_version=&#8221;4.9.0&#8243; _module_preset=&#8221;default&#8221; text_font=&#8221;Montserrat||||||||&#8221; text_text_color=&#8221;#695a56&#8243; ul_font=&#8221;Montserrat|300|||||||&#8221; ul_text_align=&#8221;justify&#8221; custom_margin=&#8221;-111px||||false|false&#8221;]<\/p>\n<p><strong>As principais atividades do projeto s\u00e3o:\u00a0<\/strong><\/p>\n<ul>\n<li>Estudo e caracteriza\u00e7\u00e3o dos processos em h\u00famido;<\/li>\n<li>I&amp;D em sistemas inteligentes de monitoriza\u00e7\u00e3o do processo;<\/li>\n<li>I&amp;D em tecnologias de enobrecimento com menores consumos de \u00e1gua;<\/li>\n<li>I&amp;D em tecnologias de tratamento de \u00e1guas residuais resultantes do processo de enobrecimento t\u00eaxtil;<\/li>\n<li>Implementa\u00e7\u00e3o das tecnologias desenvolvidas em unidades piloto;<\/li>\n<li>Desenvolvimento de ferramenta inform\u00e1tica de apoio \u00e0 decis\u00e3o para a gest\u00e3o da \u00e1gua.<\/li>\n<\/ul>\n<p>[\/et_pb_text][\/et_pb_column][\/et_pb_row][\/et_pb_section][et_pb_section fb_built=&#8221;1&#8243; _builder_version=&#8221;4.9.0&#8243; _module_preset=&#8221;default&#8221;][et_pb_row _builder_version=&#8221;4.9.0&#8243; _module_preset=&#8221;default&#8221;][et_pb_column type=&#8221;4_4&#8243; _builder_version=&#8221;4.9.0&#8243; _module_preset=&#8221;default&#8221;][et_pb_text _builder_version=&#8221;4.9.0&#8243; _module_preset=&#8221;default&#8221; text_font=&#8221;Montserrat||||||||&#8221; custom_margin=&#8221;-124px||||false|false&#8221;]<\/p>\n<p style=\"text-align: left;\"><strong>Resultados Esperados:<\/strong><\/p>\n<p>[\/et_pb_text][\/et_pb_column][\/et_pb_row][et_pb_row _builder_version=&#8221;4.9.0&#8243; _module_preset=&#8221;default&#8221;][et_pb_column type=&#8221;4_4&#8243; _builder_version=&#8221;4.9.0&#8243; _module_preset=&#8221;default&#8221;][et_pb_image src=&#8221;https:\/\/domingossousa.pt\/pt\/wp-content\/uploads\/2023\/07\/grafico.png&#8221; title_text=&#8221;gr\u00e1fico&#8221; _builder_version=&#8221;4.9.0&#8243; _module_preset=&#8221;default&#8221; transform_scale=&#8221;98%|98%&#8221; transform_translate=&#8221;37px|-122px&#8221;][\/et_pb_image][\/et_pb_column][\/et_pb_row][et_pb_row _builder_version=&#8221;4.9.0&#8243; _module_preset=&#8221;default&#8221;][et_pb_column type=&#8221;4_4&#8243; _builder_version=&#8221;4.9.0&#8243; _module_preset=&#8221;default&#8221;][et_pb_text _builder_version=&#8221;4.9.0&#8243; _module_preset=&#8221;default&#8221; text_font=&#8221;Montserrat|300|||||||&#8221; text_text_color=&#8221;#695a56&#8243; custom_margin=&#8221;-101px||||false|false&#8221;]<\/p>\n<p style=\"text-align: justify;\"><strong>Cons\u00f3rcio:<\/strong><\/p>\n<p style=\"text-align: justify;\">O projeto GIATEX \u00e9 composto por 27 parceiros, dos quais 5 s\u00e3o empresas n\u00e3o PME, 12 s\u00e3o empresas PME, 8 Entidades N\u00e3o Empresariais do Sistema de Investiga\u00e7\u00e3o e Inova\u00e7\u00e3o e 2 s\u00e3o Institui\u00e7\u00f5es da Administra\u00e7\u00e3o Local.<\/p>\n<p><span style=\"font-family: 'Arial',sans-serif; color: black;\"><\/span><\/p>\n<p style=\"margin: 0cm; background: white; vertical-align: baseline;\"><span style=\"font-family: 'Arial',sans-serif; color: black;\"><o:p><\/o:p><\/span><\/p>\n<p style=\"margin: 0cm; background: white; vertical-align: baseline;\"><span style=\"font-family: 'Arial',sans-serif; color: black;\"><o:p>\u00a0<\/o:p><\/span><\/p>\n<p>[\/et_pb_text][\/et_pb_column][\/et_pb_row][et_pb_row _builder_version=&#8221;4.9.0&#8243; _module_preset=&#8221;default&#8221;][et_pb_column type=&#8221;4_4&#8243; _builder_version=&#8221;4.9.0&#8243; _module_preset=&#8221;default&#8221;][et_pb_image src=&#8221;https:\/\/domingossousa.pt\/pt\/wp-content\/uploads\/2023\/07\/tabela-2.png&#8221; title_text=&#8221;tabela 2&#8243; _builder_version=&#8221;4.9.0&#8243; _module_preset=&#8221;default&#8221; custom_margin=&#8221;-90px||||false|false&#8221; custom_padding=&#8221;0px||||false|false&#8221;][\/et_pb_image][\/et_pb_column][\/et_pb_row][\/et_pb_section]<\/p>\n","protected":false},"excerpt":{"rendered":"<p>[et_pb_section fb_built=&#8221;1&#8243; _builder_version=&#8221;4.9.0&#8243; _module_preset=&#8221;default&#8221; background_color=&#8221;rgba(226,213,208,0.18)&#8221; width=&#8221;100%&#8221; height=&#8221;1000px&#8221; max_height=&#8221;294px&#8221; custom_margin=&#8221;0px||-68px||false|false&#8221; custom_padding=&#8221;||0px|||&#8221;][et_pb_row column_structure=&#8221;1_3,1_3,1_3&#8243; _builder_version=&#8221;4.9.0&#8243; _module_preset=&#8221;default&#8221;][et_pb_column type=&#8221;1_3&#8243; _builder_version=&#8221;4.9.0&#8243; _module_preset=&#8221;default&#8221;][et_pb_text _builder_version=&#8221;4.9.0&#8243; _module_preset=&#8221;default&#8221; header_font=&#8221;Montserrat|600|||||||&#8221; header_text_color=&#8221;#695a56&#8243; header_font_size=&#8221;22px&#8221; header_2_font=&#8221;Montserrat||||||||&#8221; header_2_text_color=&#8221;#695a56&#8243; header_2_font_size=&#8221;21px&#8221;] Gest\u00e3o Inteligente da \u00c1gua Ficha de Projeto [\/et_pb_text][\/et_pb_column][et_pb_column type=&#8221;1_3&#8243; _builder_version=&#8221;4.9.0&#8243; _module_preset=&#8221;default&#8221;][et_pb_image src=&#8221;https:\/\/domingossousa.pt\/pt\/wp-content\/uploads\/2023\/07\/GIATEX.png&#8221; title_text=&#8221;GIATEX&#8221; _builder_version=&#8221;4.9.0&#8243; _module_preset=&#8221;default&#8221; transform_scale=&#8221;44%|44%&#8221; transform_translate=&#8221;-320px|-106px&#8221;][\/et_pb_image][\/et_pb_column][et_pb_column type=&#8221;1_3&#8243; _builder_version=&#8221;4.9.0&#8243; _module_preset=&#8221;default&#8221;][et_pb_image src=&#8221;https:\/\/domingossousa.pt\/pt\/wp-content\/uploads\/2023\/07\/confinanciado-1.png&#8221; title_text=&#8221;confinanciado&#8221; _builder_version=&#8221;4.9.0&#8243; _module_preset=&#8221;default&#8221; transform_scale=&#8221;126%|126%&#8221; transform_translate=&#8221;39px|7px&#8221;][\/et_pb_image][\/et_pb_column][\/et_pb_row][\/et_pb_section][et_pb_section fb_built=&#8221;1&#8243; _builder_version=&#8221;4.9.0&#8243; _module_preset=&#8221;default&#8221;][et_pb_row _builder_version=&#8221;4.9.0&#8243; _module_preset=&#8221;default&#8221; [&hellip;]<\/p>\n","protected":false},"author":4,"featured_media":0,"parent":0,"menu_order":0,"comment_status":"closed","ping_status":"closed","template":"","meta":{"_et_pb_use_builder":"on","_et_pb_old_content":"","_et_gb_content_width":""},"_links":{"self":[{"href":"https:\/\/domingossousa.pt\/pt\/wp-json\/wp\/v2\/pages\/38193"}],"collection":[{"href":"https:\/\/domingossousa.pt\/pt\/wp-json\/wp\/v2\/pages"}],"about":[{"href":"https:\/\/domingossousa.pt\/pt\/wp-json\/wp\/v2\/types\/page"}],"author":[{"embeddable":true,"href":"https:\/\/domingossousa.pt\/pt\/wp-json\/wp\/v2\/users\/4"}],"replies":[{"embeddable":true,"href":"https:\/\/domingossousa.pt\/pt\/wp-json\/wp\/v2\/comments?post=38193"}],"version-history":[{"count":13,"href":"https:\/\/domingossousa.pt\/pt\/wp-json\/wp\/v2\/pages\/38193\/revisions"}],"predecessor-version":[{"id":38233,"href":"https:\/\/domingossousa.pt\/pt\/wp-json\/wp\/v2\/pages\/38193\/revisions\/38233"}],"wp:attachment":[{"href":"https:\/\/domingossousa.pt\/pt\/wp-json\/wp\/v2\/media?parent=38193"}],"curies":[{"name":"wp","href":"https:\/\/api.w.org\/{rel}","templated":true}]}}